{"id":207,"date":"2026-01-26T04:05:18","date_gmt":"2026-01-26T04:05:18","guid":{"rendered":"https:\/\/wpag.site\/tienda\/?post_type=product&#038;p=207"},"modified":"2026-02-26T04:24:12","modified_gmt":"2026-02-26T04:24:12","slug":"owleez-ensename-a-volar-juguete-para-ninos-mayores-de-6-anos-owleez-flying-baby-owl-interactive","status":"publish","type":"product","link":"https:\/\/wpag.site\/tienda\/index.php\/product\/owleez-ensename-a-volar-juguete-para-ninos-mayores-de-6-anos-owleez-flying-baby-owl-interactive\/","title":{"rendered":"Owleez &#8220;Ense\u00f1ame a volar&#8221; Juguete para ni\u00f1os mayores de 6 a\u00f1os. Owleez, Flying Baby Owl Interactive (Nuevo en su caja)"},"content":{"rendered":"<p>JUGUETE INTERACTIVO DE MASCOTA VOLADORA: Soy Owleez, el juguete interactivo de b\u00faho beb\u00e9 al que puedes ense\u00f1ar a volar, \u00a1pero necesito tu ayuda! \u00bfPuedes ense\u00f1arme? \u00a1Cuanto m\u00e1s practiquemos juntos, mejor volar\u00e9!<br \/>\nSENSIBLE AL TACTO: Respondo a tu tacto, movimiento y cari\u00f1o. \u00c1mame, acar\u00edciame, hazme cosquillas, hazme bailar&#8230; \u00a1me encanta moverme y cantar! Cuando tenga hambre, dame de comer mis bayas&#8230; \u00a1qu\u00e9 ricas!<br \/>\nM\u00c1S DE 100 SONIDOS Y MOVIMIENTOS: Tengo m\u00e1s de 100 sonidos y movimientos y puedo mostrarte mi estado de \u00e1nimo cambiando el color de mis ojos.<br \/>\nRECARGABLE POR USB: Col\u00f3came en mi nido para cargarme f\u00e1cilmente con el cable USB integrado. \u00a1Podemos seguir jugando juntos mientras me cargo! S\u00e1came de mi embalaje reciclable y \u00a1a jugar!<\/p>\n","protected":false},"excerpt":{"rendered":"<p>JUGUETE INTERACTIVO DE MASCOTA VOLADORA: Soy Owleez, el juguete interactivo de b\u00faho beb\u00e9 al que puedes ense\u00f1ar a volar, \u00a1pero necesito tu ayuda! \u00bfPuedes ense\u00f1arme? \u00a1Cuanto m\u00e1s practiquemos juntos, mejor volar\u00e9! SENSIBLE AL TACTO: Respondo a tu tacto, movimiento y cari\u00f1o. \u00c1mame, acar\u00edciame, hazme cosquillas, hazme bailar&#8230; \u00a1me encanta moverme y cantar! Cuando tenga hambre, [&hellip;]<\/p>\n","protected":false},"featured_media":208,"comment_status":"open","ping_status":"closed","template":"","meta":[],"product_brand":[],"product_cat":[18],"product_tag":[],"class_list":{"0":"post-207","1":"product","2":"type-product","3":"status-publish","4":"has-post-thumbnail","6":"product_cat-uncategorized","8":"first","9":"instock","10":"sale","11":"taxable","12":"shipping-taxable","13":"purchasable","14":"product-type-simple"},"_links":{"self":[{"href":"https:\/\/wpag.site\/tienda\/index.php\/wp-json\/wp\/v2\/product\/207","targetHints":{"allow":["GET"]}}],"collection":[{"href":"https:\/\/wpag.site\/tienda\/index.php\/wp-json\/wp\/v2\/product"}],"about":[{"href":"https:\/\/wpag.site\/tienda\/index.php\/wp-json\/wp\/v2\/types\/product"}],"replies":[{"embeddable":true,"href":"https:\/\/wpag.site\/tienda\/index.php\/wp-json\/wp\/v2\/comments?post=207"}],"wp:featuredmedia":[{"embeddable":true,"href":"https:\/\/wpag.site\/tienda\/index.php\/wp-json\/wp\/v2\/media\/208"}],"wp:attachment":[{"href":"https:\/\/wpag.site\/tienda\/index.php\/wp-json\/wp\/v2\/media?parent=207"}],"wp:term":[{"taxonomy":"product_brand","embeddable":true,"href":"https:\/\/wpag.site\/tienda\/index.php\/wp-json\/wp\/v2\/product_brand?post=207"},{"taxonomy":"product_cat","embeddable":true,"href":"https:\/\/wpag.site\/tienda\/index.php\/wp-json\/wp\/v2\/product_cat?post=207"},{"taxonomy":"product_tag","embeddable":true,"href":"https:\/\/wpag.site\/tienda\/index.php\/wp-json\/wp\/v2\/product_tag?post=207"}],"curies":[{"name":"wp","href":"https:\/\/api.w.org\/{rel}","templated":true}]}}