{"id":50,"date":"2025-12-08T02:14:43","date_gmt":"2025-12-08T02:14:43","guid":{"rendered":"https:\/\/wpag.site\/tienda\/?post_type=product&#038;p=50"},"modified":"2026-01-14T00:36:34","modified_gmt":"2026-01-14T00:36:34","slug":"zapatos-deportivos-para-ninos","status":"publish","type":"product","link":"https:\/\/wpag.site\/tienda\/index.php\/product\/zapatos-deportivos-para-ninos\/","title":{"rendered":"Zapatos deportivos nuevos para ni\u00f1os"},"content":{"rendered":"<p>Par de zapatos deportivos para ni\u00f1o. Completamente Nuevos. Talla: 13. Quiza para ni\u00f1o de 3 a\u00f1os. Marca: DREAM PAIRS.<\/p>\n","protected":false},"excerpt":{"rendered":"<p>Par de zapatos deportivos para ni\u00f1o. Completamente Nuevos. Talla: 13. Quiza para ni\u00f1o de 3 a\u00f1os. Marca: DREAM PAIRS.<\/p>\n","protected":false},"featured_media":51,"comment_status":"open","ping_status":"closed","template":"","meta":[],"product_brand":[],"product_cat":[22],"product_tag":[],"class_list":{"0":"post-50","1":"product","2":"type-product","3":"status-publish","4":"has-post-thumbnail","6":"product_cat-zapatos","8":"first","9":"instock","10":"sale","11":"taxable","12":"shipping-taxable","13":"purchasable","14":"product-type-simple"},"_links":{"self":[{"href":"https:\/\/wpag.site\/tienda\/index.php\/wp-json\/wp\/v2\/product\/50","targetHints":{"allow":["GET"]}}],"collection":[{"href":"https:\/\/wpag.site\/tienda\/index.php\/wp-json\/wp\/v2\/product"}],"about":[{"href":"https:\/\/wpag.site\/tienda\/index.php\/wp-json\/wp\/v2\/types\/product"}],"replies":[{"embeddable":true,"href":"https:\/\/wpag.site\/tienda\/index.php\/wp-json\/wp\/v2\/comments?post=50"}],"wp:featuredmedia":[{"embeddable":true,"href":"https:\/\/wpag.site\/tienda\/index.php\/wp-json\/wp\/v2\/media\/51"}],"wp:attachment":[{"href":"https:\/\/wpag.site\/tienda\/index.php\/wp-json\/wp\/v2\/media?parent=50"}],"wp:term":[{"taxonomy":"product_brand","embeddable":true,"href":"https:\/\/wpag.site\/tienda\/index.php\/wp-json\/wp\/v2\/product_brand?post=50"},{"taxonomy":"product_cat","embeddable":true,"href":"https:\/\/wpag.site\/tienda\/index.php\/wp-json\/wp\/v2\/product_cat?post=50"},{"taxonomy":"product_tag","embeddable":true,"href":"https:\/\/wpag.site\/tienda\/index.php\/wp-json\/wp\/v2\/product_tag?post=50"}],"curies":[{"name":"wp","href":"https:\/\/api.w.org\/{rel}","templated":true}]}}